{"id":13,"date":"2020-09-15T12:49:31","date_gmt":"2020-09-15T10:49:31","guid":{"rendered":"http:\/\/actpaysage.com\/?page_id=13"},"modified":"2022-03-18T09:40:38","modified_gmt":"2022-03-18T08:40:38","slug":"act-paysages-territoires","status":"publish","type":"page","link":"https:\/\/actpaysage.com\/index.php\/act-paysages-territoires\/","title":{"rendered":"ACT PAYSAGES &#038; TERRITOIRES &#8211; Agence"},"content":{"rendered":"<p>[et_pb_section fb_built=\u00a0\u00bb1&Prime; fullwidth=\u00a0\u00bbon\u00a0\u00bb _builder_version=\u00a0\u00bb4.15&Prime; _module_preset=\u00a0\u00bbdefault\u00a0\u00bb background_color=\u00a0\u00bb#f5f3ee\u00a0\u00bb global_colors_info=\u00a0\u00bb{}\u00a0\u00bb][et_pb_fullwidth_menu menu_id=\u00a0\u00bb3&Prime; logo=\u00a0\u00bbhttps:\/\/actpaysage.com\/wp-content\/uploads\/2020\/09\/ACt_LOGO_200x100.png\u00a0\u00bb logo_url=\u00a0\u00bb@ET-DC@eyJkeW5hbWljIjp0cnVlLCJjb250ZW50IjoiaG9tZV91cmwiLCJzZXR0aW5ncyI6e319@\u00a0\u00bb disabled_on=\u00a0\u00bboff|on|on\u00a0\u00bb _builder_version=\u00a0\u00bb4.15&Prime; _dynamic_attributes=\u00a0\u00bblogo_url\u00a0\u00bb _module_preset=\u00a0\u00bbdefault\u00a0\u00bb background_color=\u00a0\u00bb#f5f3ee\u00a0\u00bb global_colors_info=\u00a0\u00bb{}\u00a0\u00bb][\/et_pb_fullwidth_menu][\/et_pb_section][et_pb_section fb_built=\u00a0\u00bb1&Prime; _builder_version=\u00a0\u00bb4.15&Prime; _module_preset=\u00a0\u00bbdefault\u00a0\u00bb background_color=\u00a0\u00bb#f5f3ee\u00a0\u00bb global_colors_info=\u00a0\u00bb{}\u00a0\u00bb][et_pb_row _builder_version=\u00a0\u00bb4.15&Prime; _module_preset=\u00a0\u00bbdefault\u00a0\u00bb global_colors_info=\u00a0\u00bb{}\u00a0\u00bb][et_pb_column type=\u00a0\u00bb4_4&Prime; _builder_version=\u00a0\u00bb4.15&Prime; _module_preset=\u00a0\u00bbdefault\u00a0\u00bb global_colors_info=\u00a0\u00bb{}\u00a0\u00bb][et_pb_text _builder_version=\u00a0\u00bb4.15&Prime; _module_preset=\u00a0\u00bbdefault\u00a0\u00bb text_font_size=\u00a0\u00bb100px\u00a0\u00bb text_line_height=\u00a0\u00bb1em\u00a0\u00bb global_colors_info=\u00a0\u00bb{}\u00a0\u00bb]<\/p>\n<p style=\"text-align: right;\">L&rsquo;agence<\/p>\n<p>[\/et_pb_text][\/et_pb_column][\/et_pb_row][et_pb_row column_structure=\u00a0\u00bb1_2,1_2&Prime; _builder_version=\u00a0\u00bb4.15&Prime; _module_preset=\u00a0\u00bbdefault\u00a0\u00bb global_colors_info=\u00a0\u00bb{}\u00a0\u00bb][et_pb_column type=\u00a0\u00bb1_2&Prime; _builder_version=\u00a0\u00bb4.15&Prime; _module_preset=\u00a0\u00bbdefault\u00a0\u00bb global_colors_info=\u00a0\u00bb{}\u00a0\u00bb][et_pb_image src=\u00a0\u00bbhttps:\/\/actpaysage.com\/wp-content\/uploads\/2020\/09\/ACT-Paysages-Epernon-Mediatheque-Copyright-David-Foessel-8-scaled.jpg\u00a0\u00bb title_text=\u00a0\u00bbCopyright David Foessel\u00a0\u00bb _builder_version=\u00a0\u00bb4.15&Prime; _module_preset=\u00a0\u00bbdefault\u00a0\u00bb global_colors_info=\u00a0\u00bb{}\u00a0\u00bb][\/et_pb_image][\/et_pb_column][et_pb_column type=\u00a0\u00bb1_2&Prime; _builder_version=\u00a0\u00bb4.15&Prime; _module_preset=\u00a0\u00bbdefault\u00a0\u00bb global_colors_info=\u00a0\u00bb{}\u00a0\u00bb][et_pb_text _builder_version=\u00a0\u00bb4.15&Prime; _module_preset=\u00a0\u00bbdefault\u00a0\u00bb global_colors_info=\u00a0\u00bb{}\u00a0\u00bb]<\/p>\n<p>Bien plus qu&rsquo;un d\u00e9cor, le paysage est une mise en relation d\u2019une \u00e9motion avec son environnement. L\u2019homme doit donc devenir acteur bien plus qu&rsquo;un utilisateur par la mise en exergue de ces sensations. Par ce biais, le paysage pourra retrouver une autonomie vraie, v\u00e9cue, pour laquelle une nouvelle image pourra se r\u00e9v\u00e9ler. Notre travail s\u2019attache donc \u00e0 initier un paysage vou\u00e9 \u00e0 s\u2019\u00e9panouir vers un climax ressenti, un \u00e9quilibre \u00e9cologique dans lequel l&rsquo;esth\u00e9tique devient naturel.<br \/>Nous aimons participer \u00e0 l&rsquo;histoire des lieux en r\u00e9v\u00e9lant un imaginaire, un esprit et au mieux, leur inspirer la valeur du temps.<\/p>\n<p>Nous recherchons la bienveillance par l\u2019\u00e9coute, l\u2019\u00e9change, le respect pour une nature \u00e9panouie et des acteurs Heureux.<\/p>\n<p>Nous nous attachons \u00e0 accompagner nos paysages jusqu\u2019aux pr\u00e9mices de leurs \u00e9quilibres et nos clients jusqu\u2019\u00e0 l\u2019appropriation de leur projet.<\/p>\n<p>Nos partenaires s attacherons \u00e0 comprendre la valeur du temps et des saisons, la contrainte du vivant et l\u2019incertitude du monde v\u00e9g\u00e9tale, la n\u00e9cessit\u00e9 d\u2019un accompagnement d\u2019un nouveau paysage vivant et la n\u00e9cessit\u00e9 vertueuse de partager une histoire commune.<\/p>\n<p>[\/et_pb_text][\/et_pb_column][\/et_pb_row][et_pb_row _builder_version=\u00a0\u00bb4.15&Prime; _module_preset=\u00a0\u00bbdefault\u00a0\u00bb global_colors_info=\u00a0\u00bb{}\u00a0\u00bb][et_pb_column type=\u00a0\u00bb4_4&Prime; _builder_version=\u00a0\u00bb4.15&Prime; _module_preset=\u00a0\u00bbdefault\u00a0\u00bb global_colors_info=\u00a0\u00bb{}\u00a0\u00bb][et_pb_text _builder_version=\u00a0\u00bb4.15&Prime; _module_preset=\u00a0\u00bbdefault\u00a0\u00bb text_font_size=\u00a0\u00bb100px\u00a0\u00bb text_line_height=\u00a0\u00bb1em\u00a0\u00bb global_colors_info=\u00a0\u00bb{}\u00a0\u00bb]<\/p>\n<p style=\"text-align: center;\">Contact<\/p>\n<p>[\/et_pb_text][\/et_pb_column][\/et_pb_row][et_pb_row column_structure=\u00a0\u00bb1_2,1_2&Prime; make_equal=\u00a0\u00bbon\u00a0\u00bb _builder_version=\u00a0\u00bb4.15&Prime; _module_preset=\u00a0\u00bbdefault\u00a0\u00bb global_colors_info=\u00a0\u00bb{}\u00a0\u00bb][et_pb_column type=\u00a0\u00bb1_2&Prime; _builder_version=\u00a0\u00bb4.15&Prime; _module_preset=\u00a0\u00bbdefault\u00a0\u00bb global_colors_info=\u00a0\u00bb{}\u00a0\u00bb][et_pb_text _builder_version=\u00a0\u00bb4.15&Prime; _module_preset=\u00a0\u00bbdefault\u00a0\u00bb text_font_size=\u00a0\u00bb20px\u00a0\u00bb global_colors_info=\u00a0\u00bb{}\u00a0\u00bb]<\/p>\n<p><strong>AC&amp;T \/ Paysages &amp; Territoires<\/strong><\/p>\n<p><strong>88 <\/strong>rue Saint Maur<\/p>\n<p>75011 <strong>PARIS<\/strong><\/p>\n<p><strong>T\u00e9l:<\/strong> 01 88 40 27 61<\/p>\n<p>&nbsp;<\/p>\n<p>[\/et_pb_text][\/et_pb_column][et_pb_column type=\u00a0\u00bb1_2&Prime; _builder_version=\u00a0\u00bb4.15&Prime; _module_preset=\u00a0\u00bbdefault\u00a0\u00bb global_colors_info=\u00a0\u00bb{}\u00a0\u00bb][et_pb_contact_form email=\u00a0\u00bbt.seconde@actpaysage.com\u00a0\u00bb _builder_version=\u00a0\u00bb4.15.0&Prime; _module_preset=\u00a0\u00bbdefault\u00a0\u00bb _unique_id=\u00a0\u00bb2ac7c287-9b5d-4615-a97a-0f4e9cd65180&Prime; form_field_background_color=\u00a0\u00bb#ebebeb\u00a0\u00bb form_field_focus_background_color=\u00a0\u00bb#ebebeb\u00a0\u00bb custom_button=\u00a0\u00bbon\u00a0\u00bb button_border_width=\u00a0\u00bb1px\u00a0\u00bb button_border_radius=\u00a0\u00bb0px\u00a0\u00bb global_colors_info=\u00a0\u00bb{}\u00a0\u00bb][et_pb_contact_field field_id=\u00a0\u00bbName\u00a0\u00bb field_title=\u00a0\u00bbNom\u00a0\u00bb _builder_version=\u00a0\u00bb4.15&Prime; global_colors_info=\u00a0\u00bb{}\u00a0\u00bb button_text_size__hover_enabled=\u00a0\u00bboff\u00a0\u00bb button_one_text_size__hover_enabled=\u00a0\u00bboff\u00a0\u00bb button_two_text_size__hover_enabled=\u00a0\u00bboff\u00a0\u00bb button_text_color__hover_enabled=\u00a0\u00bboff\u00a0\u00bb button_one_text_color__hover_enabled=\u00a0\u00bboff\u00a0\u00bb button_two_text_color__hover_enabled=\u00a0\u00bboff\u00a0\u00bb button_border_width__hover_enabled=\u00a0\u00bboff\u00a0\u00bb button_one_border_width__hover_enabled=\u00a0\u00bboff\u00a0\u00bb button_two_border_width__hover_enabled=\u00a0\u00bboff\u00a0\u00bb button_border_color__hover_enabled=\u00a0\u00bboff\u00a0\u00bb button_one_border_color__hover_enabled=\u00a0\u00bboff\u00a0\u00bb button_two_border_color__hover_enabled=\u00a0\u00bboff\u00a0\u00bb button_border_radius__hover_enabled=\u00a0\u00bboff\u00a0\u00bb button_one_border_radius__hover_enabled=\u00a0\u00bboff\u00a0\u00bb button_two_border_radius__hover_enabled=\u00a0\u00bboff\u00a0\u00bb button_letter_spacing__hover_enabled=\u00a0\u00bboff\u00a0\u00bb button_one_letter_spacing__hover_enabled=\u00a0\u00bboff\u00a0\u00bb button_two_letter_spacing__hover_enabled=\u00a0\u00bboff\u00a0\u00bb button_bg_color__hover_enabled=\u00a0\u00bboff\u00a0\u00bb button_one_bg_color__hover_enabled=\u00a0\u00bboff\u00a0\u00bb button_two_bg_color__hover_enabled=\u00a0\u00bboff\u00a0\u00bb][\/et_pb_contact_field][et_pb_contact_field field_id=\u00a0\u00bbEmail\u00a0\u00bb field_title=\u00a0\u00bbAdresse e-mail\u00a0\u00bb field_type=\u00a0\u00bbemail\u00a0\u00bb _builder_version=\u00a0\u00bb4.15&Prime; global_colors_info=\u00a0\u00bb{}\u00a0\u00bb button_text_size__hover_enabled=\u00a0\u00bboff\u00a0\u00bb button_one_text_size__hover_enabled=\u00a0\u00bboff\u00a0\u00bb button_two_text_size__hover_enabled=\u00a0\u00bboff\u00a0\u00bb button_text_color__hover_enabled=\u00a0\u00bboff\u00a0\u00bb button_one_text_color__hover_enabled=\u00a0\u00bboff\u00a0\u00bb button_two_text_color__hover_enabled=\u00a0\u00bboff\u00a0\u00bb button_border_width__hover_enabled=\u00a0\u00bboff\u00a0\u00bb button_one_border_width__hover_enabled=\u00a0\u00bboff\u00a0\u00bb button_two_border_width__hover_enabled=\u00a0\u00bboff\u00a0\u00bb button_border_color__hover_enabled=\u00a0\u00bboff\u00a0\u00bb button_one_border_color__hover_enabled=\u00a0\u00bboff\u00a0\u00bb button_two_border_color__hover_enabled=\u00a0\u00bboff\u00a0\u00bb button_border_radius__hover_enabled=\u00a0\u00bboff\u00a0\u00bb button_one_border_radius__hover_enabled=\u00a0\u00bboff\u00a0\u00bb button_two_border_radius__hover_enabled=\u00a0\u00bboff\u00a0\u00bb button_letter_spacing__hover_enabled=\u00a0\u00bboff\u00a0\u00bb button_one_letter_spacing__hover_enabled=\u00a0\u00bboff\u00a0\u00bb button_two_letter_spacing__hover_enabled=\u00a0\u00bboff\u00a0\u00bb button_bg_color__hover_enabled=\u00a0\u00bboff\u00a0\u00bb button_one_bg_color__hover_enabled=\u00a0\u00bboff\u00a0\u00bb button_two_bg_color__hover_enabled=\u00a0\u00bboff\u00a0\u00bb][\/et_pb_contact_field][et_pb_contact_field field_id=\u00a0\u00bbMessage\u00a0\u00bb field_title=\u00a0\u00bbMessage\u00a0\u00bb field_type=\u00a0\u00bbtext\u00a0\u00bb fullwidth_field=\u00a0\u00bbon\u00a0\u00bb _builder_version=\u00a0\u00bb4.15&Prime; global_colors_info=\u00a0\u00bb{}\u00a0\u00bb button_text_size__hover_enabled=\u00a0\u00bboff\u00a0\u00bb button_one_text_size__hover_enabled=\u00a0\u00bboff\u00a0\u00bb button_two_text_size__hover_enabled=\u00a0\u00bboff\u00a0\u00bb button_text_color__hover_enabled=\u00a0\u00bboff\u00a0\u00bb button_one_text_color__hover_enabled=\u00a0\u00bboff\u00a0\u00bb button_two_text_color__hover_enabled=\u00a0\u00bboff\u00a0\u00bb button_border_width__hover_enabled=\u00a0\u00bboff\u00a0\u00bb button_one_border_width__hover_enabled=\u00a0\u00bboff\u00a0\u00bb button_two_border_width__hover_enabled=\u00a0\u00bboff\u00a0\u00bb button_border_color__hover_enabled=\u00a0\u00bboff\u00a0\u00bb button_one_border_color__hover_enabled=\u00a0\u00bboff\u00a0\u00bb button_two_border_color__hover_enabled=\u00a0\u00bboff\u00a0\u00bb button_border_radius__hover_enabled=\u00a0\u00bboff\u00a0\u00bb button_one_border_radius__hover_enabled=\u00a0\u00bboff\u00a0\u00bb button_two_border_radius__hover_enabled=\u00a0\u00bboff\u00a0\u00bb button_letter_spacing__hover_enabled=\u00a0\u00bboff\u00a0\u00bb button_one_letter_spacing__hover_enabled=\u00a0\u00bboff\u00a0\u00bb button_two_letter_spacing__hover_enabled=\u00a0\u00bboff\u00a0\u00bb button_bg_color__hover_enabled=\u00a0\u00bboff\u00a0\u00bb button_one_bg_color__hover_enabled=\u00a0\u00bboff\u00a0\u00bb button_two_bg_color__hover_enabled=\u00a0\u00bboff\u00a0\u00bb][\/et_pb_contact_field][\/et_pb_contact_form][\/et_pb_column][\/et_pb_row][\/et_pb_section][et_pb_section fb_built=\u00a0\u00bb1&Prime; fullwidth=\u00a0\u00bbon\u00a0\u00bb disabled_on=\u00a0\u00bbon|on|off\u00a0\u00bb _builder_version=\u00a0\u00bb4.15&Prime; _module_preset=\u00a0\u00bbdefault\u00a0\u00bb global_colors_info=\u00a0\u00bb{}\u00a0\u00bb][et_pb_fullwidth_code _builder_version=\u00a0\u00bb4.15&Prime; _module_preset=\u00a0\u00bbdefault\u00a0\u00bb global_colors_info=\u00a0\u00bb{}\u00a0\u00bb]<div id=\"wpgmza_map\" class=\"wpgmza_map\" data-settings='{\"id\":\"1\",\"map_title\":\"ACT\",\"map_width\":\"100\",\"map_height\":\"400\",\"map_start_lat\":\"48.864954\",\"map_start_lng\":\"2.377966\",\"map_start_location\":\"48.864954,2.377966\",\"map_start_zoom\":\"17\",\"default_marker\":\"0\",\"type\":\"1\",\"alignment\":\"4\",\"directions_enabled\":\"1\",\"styling_enabled\":\"0\",\"styling_json\":\"\",\"active\":\"0\",\"kml\":\"\",\"bicycle\":\"0\",\"traffic\":\"0\",\"dbox\":\"1\",\"dbox_width\":\"100\",\"listmarkers\":\"0\",\"listmarkers_advanced\":\"0\",\"filterbycat\":\"0\",\"ugm_enabled\":\"0\",\"ugm_category_enabled\":\"0\",\"fusion\":\"\",\"map_width_type\":\"\\\\%\",\"map_height_type\":\"px\",\"mass_marker_support\":\"1\",\"ugm_access\":\"0\",\"order_markers_by\":\"1\",\"order_markers_choice\":\"2\",\"show_user_location\":\"0\",\"default_to\":\"\",\"other_settings\":{\"store_locator_enabled\":2,\"store_locator_distance\":2,\"store_locator_default_radius\":10,\"store_locator_not_found_message\":\"No results found in this location. Please try again.\",\"store_locator_bounce\":1,\"store_locator_query_string\":\"Code Postal \\\/ Adresse\",\"store_locator_default_address\":\"\",\"wpgmza_store_locator_restrict\":\"\",\"wpgmza_store_locator_radius_style\":\"modern\",\"map_max_zoom\":\"1\",\"transport_layer\":0,\"wpgmza_theme_data\":\"[{\\\"featureType\\\": \\\"administrative.locality\\\", \\\"elementType\\\": \\\"all\\\", \\\"stylers\\\": [{\\\"hue\\\": \\\"#2c2e33\\\"}, {\\\"saturation\\\": 7}, {\\\"lightness\\\": 19}, {\\\"visibility\\\": \\\"on\\\"}]}, {\\\"featureType\\\": \\\"landscape\\\", \\\"elementType\\\": \\\"all\\\", \\\"stylers\\\": [{\\\"visibility\\\": \\\"simplified\\\"}, {\\\"hue\\\": \\\"#ffffff\\\"}, {\\\"lightness\\\": 100}]}, {\\\"featureType\\\": \\\"poi\\\", \\\"elementType\\\": \\\"all\\\", \\\"stylers\\\": [{\\\"hue\\\": \\\"#ffffff\\\"}, {\\\"saturation\\\": -100}, {\\\"lightness\\\": 100}, {\\\"visibility\\\": \\\"off\\\"}]}, {\\\"featureType\\\": \\\"road\\\", \\\"elementType\\\": \\\"geometry\\\", \\\"stylers\\\": [{\\\"hue\\\": \\\"#bbc0c4\\\"}, {\\\"saturation\\\": -93}, {\\\"lightness\\\": 31}, {\\\"visibility\\\": \\\"simplified\\\"}]}, {\\\"featureType\\\": \\\"road\\\", \\\"elementType\\\": \\\"labels\\\", \\\"stylers\\\": [{\\\"hue\\\": \\\"#bbc0c4\\\"}, {\\\"saturation\\\": -93}, {\\\"lightness\\\": 31}, {\\\"visibility\\\": \\\"on\\\"}]}, {\\\"featureType\\\": \\\"road.arterial\\\", \\\"elementType\\\": \\\"labels\\\", \\\"stylers\\\": [{\\\"hue\\\": \\\"#bbc0c4\\\"}, {\\\"saturation\\\": -93}, {\\\"lightness\\\": -2}, {\\\"visibility\\\": \\\"simplified\\\"}]}, {\\\"featureType\\\": \\\"road.local\\\", \\\"elementType\\\": \\\"geometry\\\", \\\"stylers\\\": [{\\\"hue\\\": \\\"#e9ebed\\\"}, {\\\"saturation\\\": -90}, {\\\"lightness\\\": -8}, {\\\"visibility\\\": \\\"simplified\\\"}]}, {\\\"featureType\\\": \\\"transit\\\", \\\"elementType\\\": \\\"all\\\", \\\"stylers\\\": [{\\\"hue\\\": \\\"#e9ebed\\\"}, {\\\"saturation\\\": 10}, {\\\"lightness\\\": 69}, {\\\"visibility\\\": \\\"on\\\"}]}, {\\\"featureType\\\": \\\"water\\\", \\\"elementType\\\": \\\"all\\\", \\\"stylers\\\": [{\\\"hue\\\": \\\"#e9ebed\\\"}, {\\\"saturation\\\": -78}, {\\\"lightness\\\": 67}, {\\\"visibility\\\": \\\"simplified\\\"}]}, {\\\"featureType\\\": \\\"landscape.man_made\\\", \\\"stylers\\\": [{\\\"color\\\": \\\"#f5f3ee\\\"}]}]\",\"wpgmza_show_points_of_interest\":1,\"wpgmza_auto_night\":0}}' data-map-id='1' Data-maps-engine='google-maps' data-shortcode-attributes='{\"id\":\"1\"}' style=\"display:block; overflow:auto; width:100%; height:400px; float:left;\"><\/div>[\/et_pb_fullwidth_code][\/et_pb_section]<\/p>\n","protected":false},"excerpt":{"rendered":"<p>L&rsquo;agenceBien plus qu&rsquo;un d\u00e9cor, le paysage est une mise en relation d\u2019une \u00e9motion avec son environnement. L\u2019homme doit donc devenir acteur bien plus qu&rsquo;un utilisateur par la mise en exergue de ces sensations. Par ce biais, le paysage pourra retrouver une autonomie vraie, v\u00e9cue, pour laquelle une nouvelle image pourra se r\u00e9v\u00e9ler. Notre travail s\u2019attache [&hellip;]<\/p>\n","protected":false},"author":1,"featured_media":0,"parent":0,"menu_order":0,"comment_status":"closed","ping_status":"closed","template":"","meta":{"_et_pb_use_builder":"on","_et_pb_old_content":"","_et_gb_content_width":"","footnotes":""},"class_list":["post-13","page","type-page","status-publish","hentry"],"_links":{"self":[{"href":"https:\/\/actpaysage.com\/index.php\/wp-json\/wp\/v2\/pages\/13","targetHints":{"allow":["GET"]}}],"collection":[{"href":"https:\/\/actpaysage.com\/index.php\/wp-json\/wp\/v2\/pages"}],"about":[{"href":"https:\/\/actpaysage.com\/index.php\/wp-json\/wp\/v2\/types\/page"}],"author":[{"embeddable":true,"href":"https:\/\/actpaysage.com\/index.php\/wp-json\/wp\/v2\/users\/1"}],"replies":[{"embeddable":true,"href":"https:\/\/actpaysage.com\/index.php\/wp-json\/wp\/v2\/comments?post=13"}],"version-history":[{"count":36,"href":"https:\/\/actpaysage.com\/index.php\/wp-json\/wp\/v2\/pages\/13\/revisions"}],"predecessor-version":[{"id":595,"href":"https:\/\/actpaysage.com\/index.php\/wp-json\/wp\/v2\/pages\/13\/revisions\/595"}],"wp:attachment":[{"href":"https:\/\/actpaysage.com\/index.php\/wp-json\/wp\/v2\/media?parent=13"}],"curies":[{"name":"wp","href":"https:\/\/api.w.org\/{rel}","templated":true}]}}