{"id":452,"date":"2020-09-22T14:32:39","date_gmt":"2020-09-22T12:32:39","guid":{"rendered":"https:\/\/actpaysage.com\/?page_id=452"},"modified":"2022-03-18T09:50:49","modified_gmt":"2022-03-18T08:50:49","slug":"manifeste-lusure-usurpe","status":"publish","type":"page","link":"https:\/\/actpaysage.com\/index.php\/manifeste-lusure-usurpe\/","title":{"rendered":"Manifeste &#8211; l&rsquo;usure usurp\u00e9e"},"content":{"rendered":"<p>[et_pb_section fb_built=\u00a0\u00bb1&Prime; fullwidth=\u00a0\u00bbon\u00a0\u00bb _builder_version=\u00a0\u00bb4.15&Prime; _module_preset=\u00a0\u00bbdefault\u00a0\u00bb background_color=\u00a0\u00bb#f5f3ee\u00a0\u00bb global_colors_info=\u00a0\u00bb{}\u00a0\u00bb][et_pb_fullwidth_menu menu_id=\u00a0\u00bb6&Prime; logo=\u00a0\u00bbhttps:\/\/actpaysage.com\/wp-content\/uploads\/2020\/09\/ACt_LOGO_200x100.png\u00a0\u00bb logo_url=\u00a0\u00bb@ET-DC@eyJkeW5hbWljIjp0cnVlLCJjb250ZW50IjoiaG9tZV91cmwiLCJzZXR0aW5ncyI6e319@\u00a0\u00bb disabled_on=\u00a0\u00bboff|on|on\u00a0\u00bb _builder_version=\u00a0\u00bb4.15&Prime; _dynamic_attributes=\u00a0\u00bblogo_url\u00a0\u00bb _module_preset=\u00a0\u00bbdefault\u00a0\u00bb background_color=\u00a0\u00bb#f5f3ee\u00a0\u00bb global_colors_info=\u00a0\u00bb{}\u00a0\u00bb][\/et_pb_fullwidth_menu][\/et_pb_section][et_pb_section fb_built=\u00a0\u00bb1&Prime; _builder_version=\u00a0\u00bb4.15&Prime; _module_preset=\u00a0\u00bbdefault\u00a0\u00bb background_color=\u00a0\u00bb#f5f3ee\u00a0\u00bb global_colors_info=\u00a0\u00bb{}\u00a0\u00bb][et_pb_row column_structure=\u00a0\u00bb1_4,3_4&Prime; _builder_version=\u00a0\u00bb4.15&Prime; _module_preset=\u00a0\u00bbdefault\u00a0\u00bb global_colors_info=\u00a0\u00bb{}\u00a0\u00bb][et_pb_column type=\u00a0\u00bb1_4&Prime; _builder_version=\u00a0\u00bb4.15&Prime; _module_preset=\u00a0\u00bbdefault\u00a0\u00bb global_colors_info=\u00a0\u00bb{}\u00a0\u00bb][et_pb_sidebar area=\u00a0\u00bbet_pb_widget_area_1&Prime; show_border=\u00a0\u00bboff\u00a0\u00bb disabled_on=\u00a0\u00bbon|on|off\u00a0\u00bb _builder_version=\u00a0\u00bb4.15.0&Prime; _module_preset=\u00a0\u00bbdefault\u00a0\u00bb sticky_position=\u00a0\u00bbtop\u00a0\u00bb global_colors_info=\u00a0\u00bb{}\u00a0\u00bb][\/et_pb_sidebar][\/et_pb_column][et_pb_column type=\u00a0\u00bb3_4&Prime; _builder_version=\u00a0\u00bb4.15&Prime; _module_preset=\u00a0\u00bbdefault\u00a0\u00bb global_colors_info=\u00a0\u00bb{}\u00a0\u00bb][et_pb_text _builder_version=\u00a0\u00bb4.15&Prime; _module_preset=\u00a0\u00bbdefault\u00a0\u00bb text_font_size=\u00a0\u00bb100px\u00a0\u00bb text_line_height=\u00a0\u00bb1em\u00a0\u00bb text_font_size_tablet=\u00a0\u00bb80px\u00a0\u00bb text_font_size_phone=\u00a0\u00bb60px\u00a0\u00bb text_font_size_last_edited=\u00a0\u00bbon|phone\u00a0\u00bb global_colors_info=\u00a0\u00bb{}\u00a0\u00bb]<\/p>\n<p><strong>L\u2019usure usurp\u00e9e<\/strong><\/p>\n<p>[\/et_pb_text][et_pb_text _builder_version=\u00a0\u00bb4.15&Prime; _module_preset=\u00a0\u00bbdefault\u00a0\u00bb global_colors_info=\u00a0\u00bb{}\u00a0\u00bb]<\/p>\n<p>Le d\u00e9veloppement d\u2019un projet, c\u2019est l\u2019acceptation d\u2019une mati\u00e8re qui se d\u00e9grade et du temps qui s\u2019\u00e9coule. Car un paysage se vit plus qu\u2019il ne se voit. C\u2019est donc dans la valorisation de l\u2019usure et de l\u2019imparfait, comme des accroches aux \u00e9motions, que nous pourrons g\u00e9n\u00e9rer ce ressenti. Des \u00e9motions li\u00e9es aux sens, \u00e0 la m\u00e9moire, aux souvenirs. C\u2019est cette appropriation de la patine, de la vieillesse qui permettra l\u2019\u00e9panouissement d\u2019une relation sensible entre le paysage et son observateur.<br \/>Notre travail, c\u2019est offrir les conditions n\u00e9cessaires \u00e0 cette \u00e9mergence des \u00e9motions.<\/p>\n<p>Cette accroche aux \u00e9motions na\u00eet de l\u2019utilisation de mat\u00e9riaux bruts.<\/p>\n<p>Contrairement \u00e0 l\u2019architecture, un projet de paysage ne se livre pas, il s\u2019\u00e9panouit. De la sorte, c\u2019est en vieillissant que le projet se bonifie. C\u2019est par l\u2019\u00e9volution de la mati\u00e8re et de la plante que se construira l\u2019histoire du lieu. L\u2019accepter, c\u2019est l\u2019appr\u00e9hender.<\/p>\n<p>De notre point de vue, le paysage doit donc devenir une appr\u00e9hension du temps qui s\u2019\u00e9gr\u00e8ne \u00e0 travers l\u2019exp\u00e9rience d\u2019un lieu, d\u2019un espace.<br \/>\u00ab\u00a0De cette mani\u00e8re, le temps habite la mati\u00e8re dans sa surface et sa profondeur. Il trouve demeure dans les relations spatiales port\u00e9es par l\u2019histoire, par les usages et les affects\u00a0\u00bb.<\/p>\n<p>&nbsp;<\/p>\n<p>[\/et_pb_text][\/et_pb_column][\/et_pb_row][\/et_pb_section]<\/p>\n","protected":false},"excerpt":{"rendered":"<p>L\u2019usure usurp\u00e9eLe d\u00e9veloppement d\u2019un projet, c\u2019est l\u2019acceptation d\u2019une mati\u00e8re qui se d\u00e9grade et du temps qui s\u2019\u00e9coule. Car un paysage se vit plus qu\u2019il ne se voit. C\u2019est donc dans la valorisation de l\u2019usure et de l\u2019imparfait, comme des accroches aux \u00e9motions, que nous pourrons g\u00e9n\u00e9rer ce ressenti. Des \u00e9motions li\u00e9es aux sens, \u00e0 la [&hellip;]<\/p>\n","protected":false},"author":1,"featured_media":0,"parent":0,"menu_order":0,"comment_status":"closed","ping_status":"closed","template":"","meta":{"_et_pb_use_builder":"on","_et_pb_old_content":"","_et_gb_content_width":"","footnotes":""},"class_list":["post-452","page","type-page","status-publish","hentry"],"_links":{"self":[{"href":"https:\/\/actpaysage.com\/index.php\/wp-json\/wp\/v2\/pages\/452","targetHints":{"allow":["GET"]}}],"collection":[{"href":"https:\/\/actpaysage.com\/index.php\/wp-json\/wp\/v2\/pages"}],"about":[{"href":"https:\/\/actpaysage.com\/index.php\/wp-json\/wp\/v2\/types\/page"}],"author":[{"embeddable":true,"href":"https:\/\/actpaysage.com\/index.php\/wp-json\/wp\/v2\/users\/1"}],"replies":[{"embeddable":true,"href":"https:\/\/actpaysage.com\/index.php\/wp-json\/wp\/v2\/comments?post=452"}],"version-history":[{"count":8,"href":"https:\/\/actpaysage.com\/index.php\/wp-json\/wp\/v2\/pages\/452\/revisions"}],"predecessor-version":[{"id":600,"href":"https:\/\/actpaysage.com\/index.php\/wp-json\/wp\/v2\/pages\/452\/revisions\/600"}],"wp:attachment":[{"href":"https:\/\/actpaysage.com\/index.php\/wp-json\/wp\/v2\/media?parent=452"}],"curies":[{"name":"wp","href":"https:\/\/api.w.org\/{rel}","templated":true}]}}