{"id":456,"date":"2020-09-22T14:33:36","date_gmt":"2020-09-22T12:33:36","guid":{"rendered":"https:\/\/actpaysage.com\/?page_id=456"},"modified":"2020-09-22T16:39:05","modified_gmt":"2020-09-22T14:39:05","slug":"manifeste-accepter-linacceptable","status":"publish","type":"page","link":"https:\/\/actpaysage.com\/index.php\/manifeste-accepter-linacceptable\/","title":{"rendered":"Manifeste &#8211; Accepter l&rsquo;inacceptable"},"content":{"rendered":"<p>[et_pb_section fb_built=\u00a0\u00bb1&Prime; fullwidth=\u00a0\u00bbon\u00a0\u00bb _builder_version=\u00a0\u00bb4.6.1&Prime; _module_preset=\u00a0\u00bbdefault\u00a0\u00bb background_color=\u00a0\u00bb#f5f3ee\u00a0\u00bb][et_pb_fullwidth_menu menu_id=\u00a0\u00bb6&Prime; logo=\u00a0\u00bbhttps:\/\/actpaysage.com\/wp-content\/uploads\/2020\/09\/ACt_LOGO_200x100.png\u00a0\u00bb logo_url=\u00a0\u00bb@ET-DC@eyJkeW5hbWljIjp0cnVlLCJjb250ZW50IjoiaG9tZV91cmwiLCJzZXR0aW5ncyI6e319@\u00a0\u00bb disabled_on=\u00a0\u00bboff|on|on\u00a0\u00bb _builder_version=\u00a0\u00bb4.6.1&Prime; _dynamic_attributes=\u00a0\u00bblogo_url\u00a0\u00bb _module_preset=\u00a0\u00bbdefault\u00a0\u00bb background_color=\u00a0\u00bb#f5f3ee\u00a0\u00bb][\/et_pb_fullwidth_menu][\/et_pb_section][et_pb_section fb_built=\u00a0\u00bb1&Prime; _builder_version=\u00a0\u00bb4.6.1&Prime; _module_preset=\u00a0\u00bbdefault\u00a0\u00bb background_color=\u00a0\u00bb#f5f3ee\u00a0\u00bb][et_pb_row column_structure=\u00a0\u00bb1_4,3_4&Prime; _builder_version=\u00a0\u00bb4.6.1&Prime; _module_preset=\u00a0\u00bbdefault\u00a0\u00bb][et_pb_column type=\u00a0\u00bb1_4&Prime; _builder_version=\u00a0\u00bb4.6.1&Prime; _module_preset=\u00a0\u00bbdefault\u00a0\u00bb][et_pb_sidebar area=\u00a0\u00bbet_pb_widget_area_1&Prime; show_border=\u00a0\u00bboff\u00a0\u00bb disabled_on=\u00a0\u00bbon|on|off\u00a0\u00bb _builder_version=\u00a0\u00bb4.6.1&Prime; _module_preset=\u00a0\u00bbdefault\u00a0\u00bb sticky_position=\u00a0\u00bbtop\u00a0\u00bb][\/et_pb_sidebar][\/et_pb_column][et_pb_column type=\u00a0\u00bb3_4&Prime; _builder_version=\u00a0\u00bb4.6.1&Prime; _module_preset=\u00a0\u00bbdefault\u00a0\u00bb][et_pb_text _builder_version=\u00a0\u00bb4.6.1&Prime; _module_preset=\u00a0\u00bbdefault\u00a0\u00bb text_font_size=\u00a0\u00bb100px\u00a0\u00bb text_line_height=\u00a0\u00bb1em\u00a0\u00bb sticky_enabled=\u00a0\u00bb0&Prime; text_font_size_tablet=\u00a0\u00bb80px\u00a0\u00bb text_font_size_phone=\u00a0\u00bb60px\u00a0\u00bb text_font_size_last_edited=\u00a0\u00bbon|phone\u00a0\u00bb]<\/p>\n<p><strong>Accepter l\u2019inacceptable<\/strong><\/p>\n<p>[\/et_pb_text][et_pb_text _builder_version=\u00a0\u00bb4.6.1&Prime; _module_preset=\u00a0\u00bbdefault\u00a0\u00bb]<\/p>\n<p>Le projet, c\u2019est le respect du vivant, du temps des saisons. Accepter les \u00e9ch\u00e9ances et le rythme d\u2019une ann\u00e9e. L\u2019\u00e9coute du vivant, c\u2019est permettre d\u2019ancrer un nouveau paysage dans le temps. Perdre ce dialogue, c\u2019est perdre l\u2019\u00e2me d\u2019un projet et l\u2019assurance de son \u00e9panouissement. Cette \u00e9coute, c\u2019est accepter qu\u2019un projet doit s\u2019inscrire dans la dur\u00e9e et, parfois, dans l\u2019attente.<\/p>\n<p>Ne pas c\u00e9der \u00e0 l\u2019impatience, apprivoiser l\u2019impr\u00e9vu et rester humble. L\u2019exact contraire des exigences actuelles. Nous avons tous un besoin de nature sans toutefois \u00eatre pr\u00eat \u00e0 en accepter les contraintes. Ni d\u00e9corum, ni design, le papier glac\u00e9 et les \u00e9crans contribuent \u00e0 nous faire oublier que cette nature solide a ses r\u00e8gles.<\/p>\n<p>Notre travail de paysagiste doit permettre d\u2019accompagner le d\u00e9veloppement d\u2019une plante, d\u2019ajuster une palette v\u00e9g\u00e9tale aux conditions de site, de palier aux exigences de la nature.<\/p>\n<p>[\/et_pb_text][\/et_pb_column][\/et_pb_row][\/et_pb_section]<\/p>\n","protected":false},"excerpt":{"rendered":"<p>Accepter l\u2019inacceptableLe projet, c\u2019est le respect du vivant, du temps des saisons. Accepter les \u00e9ch\u00e9ances et le rythme d\u2019une ann\u00e9e. L\u2019\u00e9coute du vivant, c\u2019est permettre d\u2019ancrer un nouveau paysage dans le temps. Perdre ce dialogue, c\u2019est perdre l\u2019\u00e2me d\u2019un projet et l\u2019assurance de son \u00e9panouissement. Cette \u00e9coute, c\u2019est accepter qu\u2019un projet doit s\u2019inscrire dans la [&hellip;]<\/p>\n","protected":false},"author":1,"featured_media":0,"parent":0,"menu_order":0,"comment_status":"closed","ping_status":"closed","template":"","meta":{"_et_pb_use_builder":"on","_et_pb_old_content":"","_et_gb_content_width":"","footnotes":""},"class_list":["post-456","page","type-page","status-publish","hentry"],"_links":{"self":[{"href":"https:\/\/actpaysage.com\/index.php\/wp-json\/wp\/v2\/pages\/456","targetHints":{"allow":["GET"]}}],"collection":[{"href":"https:\/\/actpaysage.com\/index.php\/wp-json\/wp\/v2\/pages"}],"about":[{"href":"https:\/\/actpaysage.com\/index.php\/wp-json\/wp\/v2\/types\/page"}],"author":[{"embeddable":true,"href":"https:\/\/actpaysage.com\/index.php\/wp-json\/wp\/v2\/users\/1"}],"replies":[{"embeddable":true,"href":"https:\/\/actpaysage.com\/index.php\/wp-json\/wp\/v2\/comments?post=456"}],"version-history":[{"count":4,"href":"https:\/\/actpaysage.com\/index.php\/wp-json\/wp\/v2\/pages\/456\/revisions"}],"predecessor-version":[{"id":565,"href":"https:\/\/actpaysage.com\/index.php\/wp-json\/wp\/v2\/pages\/456\/revisions\/565"}],"wp:attachment":[{"href":"https:\/\/actpaysage.com\/index.php\/wp-json\/wp\/v2\/media?parent=456"}],"curies":[{"name":"wp","href":"https:\/\/api.w.org\/{rel}","templated":true}]}}