{"id":458,"date":"2020-09-22T14:33:58","date_gmt":"2020-09-22T12:33:58","guid":{"rendered":"https:\/\/actpaysage.com\/?page_id=458"},"modified":"2022-03-18T09:47:41","modified_gmt":"2022-03-18T08:47:41","slug":"manifeste-lancrage-au-site","status":"publish","type":"page","link":"https:\/\/actpaysage.com\/index.php\/manifeste-lancrage-au-site\/","title":{"rendered":"Manifeste &#8211; L&rsquo;ancrage au site"},"content":{"rendered":"<p>[et_pb_section fb_built=\u00a0\u00bb1&Prime; fullwidth=\u00a0\u00bbon\u00a0\u00bb _builder_version=\u00a0\u00bb4.15&Prime; _module_preset=\u00a0\u00bbdefault\u00a0\u00bb background_color=\u00a0\u00bb#f5f3ee\u00a0\u00bb global_colors_info=\u00a0\u00bb{}\u00a0\u00bb][et_pb_fullwidth_menu menu_id=\u00a0\u00bb6&Prime; logo=\u00a0\u00bbhttps:\/\/actpaysage.com\/wp-content\/uploads\/2020\/09\/ACt_LOGO_200x100.png\u00a0\u00bb logo_url=\u00a0\u00bb@ET-DC@eyJkeW5hbWljIjp0cnVlLCJjb250ZW50IjoiaG9tZV91cmwiLCJzZXR0aW5ncyI6e319@\u00a0\u00bb disabled_on=\u00a0\u00bboff|on|on\u00a0\u00bb _builder_version=\u00a0\u00bb4.15&Prime; _dynamic_attributes=\u00a0\u00bblogo_url\u00a0\u00bb _module_preset=\u00a0\u00bbdefault\u00a0\u00bb background_color=\u00a0\u00bb#f5f3ee\u00a0\u00bb global_colors_info=\u00a0\u00bb{}\u00a0\u00bb][\/et_pb_fullwidth_menu][\/et_pb_section][et_pb_section fb_built=\u00a0\u00bb1&Prime; _builder_version=\u00a0\u00bb4.15&Prime; _module_preset=\u00a0\u00bbdefault\u00a0\u00bb background_color=\u00a0\u00bb#f5f3ee\u00a0\u00bb global_colors_info=\u00a0\u00bb{}\u00a0\u00bb][et_pb_row column_structure=\u00a0\u00bb1_4,3_4&Prime; _builder_version=\u00a0\u00bb4.15&Prime; _module_preset=\u00a0\u00bbdefault\u00a0\u00bb global_colors_info=\u00a0\u00bb{}\u00a0\u00bb][et_pb_column type=\u00a0\u00bb1_4&Prime; _builder_version=\u00a0\u00bb4.15&Prime; _module_preset=\u00a0\u00bbdefault\u00a0\u00bb global_colors_info=\u00a0\u00bb{}\u00a0\u00bb][et_pb_sidebar area=\u00a0\u00bbet_pb_widget_area_1&Prime; show_border=\u00a0\u00bboff\u00a0\u00bb disabled_on=\u00a0\u00bbon|on|off\u00a0\u00bb _builder_version=\u00a0\u00bb4.15&Prime; _module_preset=\u00a0\u00bbdefault\u00a0\u00bb sticky_position=\u00a0\u00bbtop\u00a0\u00bb global_colors_info=\u00a0\u00bb{}\u00a0\u00bb][\/et_pb_sidebar][\/et_pb_column][et_pb_column type=\u00a0\u00bb3_4&Prime; _builder_version=\u00a0\u00bb4.15&Prime; _module_preset=\u00a0\u00bbdefault\u00a0\u00bb global_colors_info=\u00a0\u00bb{}\u00a0\u00bb][et_pb_text _builder_version=\u00a0\u00bb4.15&Prime; _module_preset=\u00a0\u00bbdefault\u00a0\u00bb text_font_size=\u00a0\u00bb100px\u00a0\u00bb text_line_height=\u00a0\u00bb1em\u00a0\u00bb text_font_size_tablet=\u00a0\u00bb80px\u00a0\u00bb text_font_size_phone=\u00a0\u00bb60px\u00a0\u00bb text_font_size_last_edited=\u00a0\u00bbon|phone\u00a0\u00bb global_colors_info=\u00a0\u00bb{}\u00a0\u00bb]<\/p>\n<p><strong>L\u2019ancrage au site<\/strong><\/p>\n<p>[\/et_pb_text][et_pb_text _builder_version=\u00a0\u00bb4.15&Prime; _module_preset=\u00a0\u00bbdefault\u00a0\u00bb global_colors_info=\u00a0\u00bb{}\u00a0\u00bb]<\/p>\n<p>Le sol d\u00e9finit une terre : un lieu d\u2019attachement, de stabilit\u00e9 et de permanence et surtout d\u2019enracinement. Le sol, la terre deviennent donc essentiels \u00e0 la cr\u00e9ation d\u2019un paysage.<br \/>C\u2019est offrir un socle vivant, une terre, un lieu.<\/p>\n<p>Nous souhaitons installer un paysage ancr\u00e9 dans son contexte, en total ad\u00e9quation avec son environnement paysager, urbain et architectural. Nous nous extrayons du Greenwashing pour privil\u00e9gier une nature autonome et riche. Notre ambition est donc la recherche d\u2019un \u00e9quilibre pour un paysage vivant. La coh\u00e9rence d\u2019un \u00e9quilibre entre le sol et son couvert paysager.<br \/>Pour les paysages hors-sol, type am\u00e9nagement sur dalle, notre ambition est de supprimer une d\u00e9pendance aux artifices en \u00e9vitant le paysage fantasm\u00e9 et en valorisant une nature adapt\u00e9e.<\/p>\n<p>Les jardins luxuriants sur dalles apparaissent aujourd\u2019hui comme des illusions intemporelles et d\u00e9contextualis\u00e9es. Coup\u00e9s de l\u2019eau et hors sol, ils seront pourtant vou\u00e9s \u00e0 leur disparition. Incapable d\u2019\u00e9tablir un lien avec son socle, d\u00e9racin\u00e9, sa v\u00e9g\u00e9tation ne peut s\u2019affranchir de sa condition de d\u00e9pendance \u00e0 ces \u00e9l\u00e9ments rendus artificiels et pourtant essentiels \u00e0 leur survie. Contrairement au paysage li\u00e9 \u00e0 un sol, \u00e0 l\u2019adaptation et \u00e0 l\u2019\u00e9volution d\u2019un biotope, ces jardins ne trouveront jamais leur autonomie. Ainsi coup\u00e9s de leur autonomie, ils ne pourront inscrire une histoire, la permanence ne pourra exister en ces lieux et apparaitront \u00e9ph\u00e9m\u00e8res. Pens\u00e9s exclusivement au travers de ces conditions artificielles, ces paysages ne peuvent \u00eatre l\u2019\u00e9tendard d\u2019une \u00e9cologie heureuse.<\/p>\n<p>[\/et_pb_text][\/et_pb_column][\/et_pb_row][\/et_pb_section]<\/p>\n","protected":false},"excerpt":{"rendered":"<p>L\u2019ancrage au siteLe sol d\u00e9finit une terre : un lieu d\u2019attachement, de stabilit\u00e9 et de permanence et surtout d\u2019enracinement. Le sol, la terre deviennent donc essentiels \u00e0 la cr\u00e9ation d\u2019un paysage.C\u2019est offrir un socle vivant, une terre, un lieu.Nous souhaitons installer un paysage ancr\u00e9 dans son contexte, en total ad\u00e9quation avec son environnement paysager, urbain [&hellip;]<\/p>\n","protected":false},"author":1,"featured_media":0,"parent":0,"menu_order":0,"comment_status":"closed","ping_status":"closed","template":"","meta":{"_et_pb_use_builder":"on","_et_pb_old_content":"","_et_gb_content_width":"","footnotes":""},"class_list":["post-458","page","type-page","status-publish","hentry"],"_links":{"self":[{"href":"https:\/\/actpaysage.com\/index.php\/wp-json\/wp\/v2\/pages\/458","targetHints":{"allow":["GET"]}}],"collection":[{"href":"https:\/\/actpaysage.com\/index.php\/wp-json\/wp\/v2\/pages"}],"about":[{"href":"https:\/\/actpaysage.com\/index.php\/wp-json\/wp\/v2\/types\/page"}],"author":[{"embeddable":true,"href":"https:\/\/actpaysage.com\/index.php\/wp-json\/wp\/v2\/users\/1"}],"replies":[{"embeddable":true,"href":"https:\/\/actpaysage.com\/index.php\/wp-json\/wp\/v2\/comments?post=458"}],"version-history":[{"count":5,"href":"https:\/\/actpaysage.com\/index.php\/wp-json\/wp\/v2\/pages\/458\/revisions"}],"predecessor-version":[{"id":598,"href":"https:\/\/actpaysage.com\/index.php\/wp-json\/wp\/v2\/pages\/458\/revisions\/598"}],"wp:attachment":[{"href":"https:\/\/actpaysage.com\/index.php\/wp-json\/wp\/v2\/media?parent=458"}],"curies":[{"name":"wp","href":"https:\/\/api.w.org\/{rel}","templated":true}]}}